{"id":12,"date":"2023-04-25T00:19:55","date_gmt":"2023-04-24T22:19:55","guid":{"rendered":"http:\/\/quentin-dev.fr\/the-green-analytical-chemistry\/?page_id=12"},"modified":"2025-10-01T13:47:35","modified_gmt":"2025-10-01T11:47:35","slug":"accueil","status":"publish","type":"page","link":"https:\/\/tgacworkshop-paris.com\/","title":{"rendered":"Accueil"},"content":{"rendered":"\n<p class=\"has-text-align-center\">Bonjour \u00e0 toutes et \u00e0 tous,<br><\/p>\n\n\n\n<p class=\"has-text-align-center\">Nous voici \u00e0 l\u2019aube d\u2019une sixi\u00e8me \u00e9dition de ce workshop qui intrins\u00e8quement trouvait ses fondements au travers de la chimie analytique verte, cette chimie qui cherche \u00e0 r\u00e9duire et \u00e0 \u00e9viter la pollution depuis sa source afin de r\u00e9duire son propre impact sur l\u2019environnement.<br><\/p>\n\n\n\n<p class=\"has-text-align-center\">D\u2019\u00e9vidence le SBSE Technical Meeting devient The Green Analytical Chemistry Workshop. Ainsi, depuis le premier opus en 2011, nous \u00e9tions un grand nombre au travers de la SBSE voire de la SPME \u00e0 d\u00e9j\u00e0 appliquer cette philosophie. Cette nouvelle \u00e9dition souhaite donc \u00e9largir encore plus ce concept relatif \u00e0 la transition chimique \u00e0 venir bient\u00f4t dans les laboratoires, contextuellement, les \u00e9conomies d\u2019\u00e9nergie au travers de syst\u00e8mes plus performants et moins \u00e9nergivores (vos attentes au travers du questionnaire auquel vous avez r\u00e9pondu vont largement dans ce sens), la disparition quasi programm\u00e9e de l\u2019h\u00e9lium dans nos secteurs d\u2019activit\u00e9 et son potentiel remplacement par l\u2019hydrog\u00e8ne.<br><\/p>\n\n\n\n<p class=\"has-text-align-center\">Nous aborderons de fait des techniques alternatives d\u2019enrichissement, mais n&rsquo;oublions pas que la sensibilit\u00e9 de nos syst\u00e8mes analytiques n\u2019est pas une fin en soi. Cette sensibilit\u00e9 propice \u00e0 la miniaturisation et l\u2019automatisation\u00a0 doit participer \u00e9galement \u00e0 cette transition : r\u00e9duction du volume d\u2019\u00e9chantillons et, par voie de cons\u00e9quence, r\u00e9duction du volume de solvants, voire sa disparition ; n\u2019oublions pas l\u2019\u00e9conomie circulaire qui commence \u00e0 s\u2019appliquer \u00e0 nos domaines d\u2019activit\u00e9 avec des mat\u00e9riaux recycl\u00e9s entrant dans la structure de nos appareils, voire un reconditionnement complet visant \u00e0 leur donner une seconde vie.<br><\/p>\n\n\n\n<p class=\"has-text-align-center\">Retrouvons-nous donc le 5 f\u00e9vrier 2024 d\u00e8s 09h00  pour deux journ\u00e9es enti\u00e8res consacr\u00e9es \u00e0 ces diff\u00e9rentes th\u00e9matiques. L\u2019\u00e9change et l\u2019enrichissement seront toujours les cl\u00e9s de ce workshop auquel nous esp\u00e9rons vous voir nombreux.<br><\/p>\n\n\n\n<p class=\"has-text-align-center\">\u00c0 bient\u00f4t \u00e0 toutes et \u00e0 tous !<br><\/p>\n\n\n\n<p class=\"has-text-align-center\">Le comit\u00e9 d\u2019organisation.<\/p>\n\n\n\n<p class=\"has-text-align-center\"><br><\/p>\n","protected":false},"excerpt":{"rendered":"<p>Bonjour \u00e0 toutes et \u00e0 tous, Nous voici \u00e0 l\u2019aube d\u2019une sixi\u00e8me \u00e9dition de ce workshop qui intrins\u00e8quement trouvait ses fondements au travers de la chimie analytique verte, cette chimie qui cherche \u00e0 r\u00e9duire et \u00e0 \u00e9viter la pollution depuis sa source afin de r\u00e9duire son propre impact sur l\u2019environnement. D\u2019\u00e9vidence le SBSE Technical Meeting [&hellip;]<\/p>\n","protected":false},"author":1,"featured_media":0,"parent":0,"menu_order":0,"comment_status":"closed","ping_status":"closed","template":"template-homepage.php","meta":{"footnotes":""},"class_list":["post-12","page","type-page","status-publish","hentry"],"_links":{"self":[{"href":"https:\/\/tgacworkshop-paris.com\/index.php?rest_route=\/wp\/v2\/pages\/12","targetHints":{"allow":["GET"]}}],"collection":[{"href":"https:\/\/tgacworkshop-paris.com\/index.php?rest_route=\/wp\/v2\/pages"}],"about":[{"href":"https:\/\/tgacworkshop-paris.com\/index.php?rest_route=\/wp\/v2\/types\/page"}],"author":[{"embeddable":true,"href":"https:\/\/tgacworkshop-paris.com\/index.php?rest_route=\/wp\/v2\/users\/1"}],"replies":[{"embeddable":true,"href":"https:\/\/tgacworkshop-paris.com\/index.php?rest_route=%2Fwp%2Fv2%2Fcomments&post=12"}],"version-history":[{"count":24,"href":"https:\/\/tgacworkshop-paris.com\/index.php?rest_route=\/wp\/v2\/pages\/12\/revisions"}],"predecessor-version":[{"id":197,"href":"https:\/\/tgacworkshop-paris.com\/index.php?rest_route=\/wp\/v2\/pages\/12\/revisions\/197"}],"wp:attachment":[{"href":"https:\/\/tgacworkshop-paris.com\/index.php?rest_route=%2Fwp%2Fv2%2Fmedia&parent=12"}],"curies":[{"name":"wp","href":"https:\/\/api.w.org\/{rel}","templated":true}]}}